{"id":126,"date":"2022-06-22T14:33:54","date_gmt":"2022-06-22T12:33:54","guid":{"rendered":"http:\/\/nbjynyz.cluster031.hosting.ovh.net\/?page_id=126"},"modified":"2022-06-22T14:33:55","modified_gmt":"2022-06-22T12:33:55","slug":"les-clips-musicaux","status":"publish","type":"page","link":"http:\/\/nbjynyz.cluster031.hosting.ovh.net\/index.php\/les-clips-musicaux\/","title":{"rendered":"Les Clips musicaux"},"content":{"rendered":"\n<div class=\"wp-block-columns is-layout-flex wp-container-core-columns-is-layout-9d6595d7 wp-block-columns-is-layout-flex\">\n<div class=\"wp-block-column is-layout-flow wp-block-column-is-layout-flow\">\n<figure class=\"wp-block-embed is-type-video is-provider-vimeo wp-block-embed-vimeo wp-embed-aspect-16-9 wp-has-aspect-ratio\"><div class=\"wp-block-embed__wrapper\">\n<iframe loading=\"lazy\" title=\"cire\" src=\"https:\/\/player.vimeo.com\/video\/404611659?h=afa32720c8&amp;dnt=1&amp;app_id=122963\" width=\"1140\" height=\"641\" frameborder=\"0\" allow=\"autoplay; fullscreen; picture-in-picture\" allowfullscreen><\/iframe>\n<\/div><\/figure>\n<\/div>\n\n\n\n<div class=\"wp-block-column is-layout-flow wp-block-column-is-layout-flow\">\n<p><em>Cire<\/em>&nbsp;est un clip vid\u00e9o r\u00e9alis\u00e9 sur une journ\u00e9e dans les collines de l&#8217;artois. Il assure la<\/p>\n\n\n\n<p>promotion du 1er album du groupe de<\/p>\n\n\n\n<p>Post-Rock lillois &#8220;Expos\u00e9&#8221;<\/p>\n\n\n\n<p><\/p>\n\n\n\n<p><strong>Synopsis :<\/strong><\/p>\n\n\n\n<p>\u200b\u200bTrois hommes. Trois trajectoires qui se rejoignent. Une vie \u00e0 trainer son spleen et ses souvenirs, tel un fardeau.<\/p>\n<\/div>\n<\/div>\n","protected":false},"excerpt":{"rendered":"<p>Cire&nbsp;est un clip vid\u00e9o r\u00e9alis\u00e9 sur une journ\u00e9e dans les collines de l&#8217;artois. Il assure la promotion du 1er album du groupe de Post-Rock lillois &#8220;Expos\u00e9&#8221; Synopsis : \u200b\u200bTrois hommes. Trois trajectoires qui se rejoignent. Une vie \u00e0 trainer son spleen et ses souvenirs, tel un fardeau.<\/p>\n","protected":false},"author":1,"featured_media":0,"parent":0,"menu_order":0,"comment_status":"closed","ping_status":"closed","template":"","meta":{"footnotes":""},"class_list":["post-126","page","type-page","status-publish","czr-hentry"],"_links":{"self":[{"href":"http:\/\/nbjynyz.cluster031.hosting.ovh.net\/index.php\/wp-json\/wp\/v2\/pages\/126","targetHints":{"allow":["GET"]}}],"collection":[{"href":"http:\/\/nbjynyz.cluster031.hosting.ovh.net\/index.php\/wp-json\/wp\/v2\/pages"}],"about":[{"href":"http:\/\/nbjynyz.cluster031.hosting.ovh.net\/index.php\/wp-json\/wp\/v2\/types\/page"}],"author":[{"embeddable":true,"href":"http:\/\/nbjynyz.cluster031.hosting.ovh.net\/index.php\/wp-json\/wp\/v2\/users\/1"}],"replies":[{"embeddable":true,"href":"http:\/\/nbjynyz.cluster031.hosting.ovh.net\/index.php\/wp-json\/wp\/v2\/comments?post=126"}],"version-history":[{"count":1,"href":"http:\/\/nbjynyz.cluster031.hosting.ovh.net\/index.php\/wp-json\/wp\/v2\/pages\/126\/revisions"}],"predecessor-version":[{"id":128,"href":"http:\/\/nbjynyz.cluster031.hosting.ovh.net\/index.php\/wp-json\/wp\/v2\/pages\/126\/revisions\/128"}],"wp:attachment":[{"href":"http:\/\/nbjynyz.cluster031.hosting.ovh.net\/index.php\/wp-json\/wp\/v2\/media?parent=126"}],"curies":[{"name":"wp","href":"https:\/\/api.w.org\/{rel}","templated":true}]}}