{"id":173,"date":"2022-06-23T09:14:44","date_gmt":"2022-06-23T07:14:44","guid":{"rendered":"http:\/\/nbjynyz.cluster031.hosting.ovh.net\/?page_id=173"},"modified":"2022-06-23T10:22:43","modified_gmt":"2022-06-23T08:22:43","slug":"la-fabrique","status":"publish","type":"page","link":"http:\/\/nbjynyz.cluster031.hosting.ovh.net\/index.php\/la-fabrique\/","title":{"rendered":"La fabrique"},"content":{"rendered":"\n<p>Cette section a pour vocation de guider les r\u00e9alisateurs d\u00e9butants dans la cr\u00e9ation de leurs premiers courts m\u00e9trages.<\/p>\n\n\n\n<p><\/p>\n\n\n\n<p><em>Page en cours de d\u00e9veloppement &#8230;<\/em><\/p>\n\n\n\n<ol class=\"wp-block-list\"><li>Les formations<\/li><li>Le dossier artistique : Synopsis &#8211; Sc\u00e9nario &#8211; Note d&#8217;intention<\/li><li>La recherche de financement : Le dossier financier &#8211; les boites de production &#8211; les partenaires r\u00e9gionaux<\/li><li>La pr\u00e9-production : Monter une \u00e9quipe &#8211; Rep\u00e9rages &#8211; Louer du mat\u00e9riel &#8211; le d\u00e9coupage technique &#8211; le d\u00e9pouillement &#8211; le plan de travail &#8211; les feuilles de service<\/li><li>La post-production : Mixer son film &#8211; Etalonner son film &#8211; les exports : DCP, H264, appleProRes, etc&#8230;<\/li><li>Montrer son film : inscriptions en festival, circuits locaux, etc&#8230;<\/li><\/ol>\n","protected":false},"excerpt":{"rendered":"<p>Cette section a pour vocation de guider les r\u00e9alisateurs d\u00e9butants dans la cr\u00e9ation de leurs premiers courts m\u00e9trages. Page en cours de d\u00e9veloppement &#8230; Les formations Le dossier artistique : Synopsis &#8211; Sc\u00e9nario &#8211; Note d&#8217;intention La recherche de financement : Le dossier financier &#8211; les boites de production &#8211; les partenaires r\u00e9gionaux La pr\u00e9-production [&hellip;]<\/p>\n","protected":false},"author":1,"featured_media":0,"parent":0,"menu_order":0,"comment_status":"closed","ping_status":"closed","template":"","meta":{"footnotes":""},"class_list":["post-173","page","type-page","status-publish","czr-hentry"],"_links":{"self":[{"href":"http:\/\/nbjynyz.cluster031.hosting.ovh.net\/index.php\/wp-json\/wp\/v2\/pages\/173","targetHints":{"allow":["GET"]}}],"collection":[{"href":"http:\/\/nbjynyz.cluster031.hosting.ovh.net\/index.php\/wp-json\/wp\/v2\/pages"}],"about":[{"href":"http:\/\/nbjynyz.cluster031.hosting.ovh.net\/index.php\/wp-json\/wp\/v2\/types\/page"}],"author":[{"embeddable":true,"href":"http:\/\/nbjynyz.cluster031.hosting.ovh.net\/index.php\/wp-json\/wp\/v2\/users\/1"}],"replies":[{"embeddable":true,"href":"http:\/\/nbjynyz.cluster031.hosting.ovh.net\/index.php\/wp-json\/wp\/v2\/comments?post=173"}],"version-history":[{"count":2,"href":"http:\/\/nbjynyz.cluster031.hosting.ovh.net\/index.php\/wp-json\/wp\/v2\/pages\/173\/revisions"}],"predecessor-version":[{"id":202,"href":"http:\/\/nbjynyz.cluster031.hosting.ovh.net\/index.php\/wp-json\/wp\/v2\/pages\/173\/revisions\/202"}],"wp:attachment":[{"href":"http:\/\/nbjynyz.cluster031.hosting.ovh.net\/index.php\/wp-json\/wp\/v2\/media?parent=173"}],"curies":[{"name":"wp","href":"https:\/\/api.w.org\/{rel}","templated":true}]}}