{"id":39,"date":"2022-06-21T14:57:24","date_gmt":"2022-06-21T12:57:24","guid":{"rendered":"http:\/\/nbjynyz.cluster031.hosting.ovh.net\/?page_id=39"},"modified":"2022-06-22T15:16:02","modified_gmt":"2022-06-22T13:16:02","slug":"films-auto-produits","status":"publish","type":"page","link":"http:\/\/nbjynyz.cluster031.hosting.ovh.net\/index.php\/films-auto-produits\/","title":{"rendered":"Films auto-produits"},"content":{"rendered":"\n<h2 class=\"wp-block-heading\">L&#8217;empreinte<\/h2>\n\n\n\n<div class=\"wp-block-columns is-layout-flex wp-container-core-columns-is-layout-9d6595d7 wp-block-columns-is-layout-flex\">\n<div class=\"wp-block-column is-layout-flow wp-block-column-is-layout-flow\">\n<figure class=\"wp-block-embed is-type-video is-provider-vimeo wp-block-embed-vimeo wp-embed-aspect-16-9 wp-has-aspect-ratio\"><div class=\"wp-block-embed__wrapper\">\n<iframe loading=\"lazy\" title=\"l&#039;empreinte\" src=\"https:\/\/player.vimeo.com\/video\/189154124?h=dbb567f017&amp;dnt=1&amp;app_id=122963\" width=\"1140\" height=\"641\" frameborder=\"0\" allow=\"autoplay; fullscreen; picture-in-picture\" allowfullscreen><\/iframe>\n<\/div><\/figure>\n<\/div>\n\n\n\n<div class=\"wp-block-column is-layout-flow wp-block-column-is-layout-flow\">\n<h3 class=\"wp-block-heading\">Synopsis<\/h3>\n\n\n\n<p>L&#8217;empreinte est un petit Road-Movie existentialiste o\u00f9 un p\u00e8re divorc\u00e9 s&#8217;\u00e9vertue \u00e0 vouloir montrer \u00e0 sa fille les lieux \u00e9vanescents de son pass\u00e9.<\/p>\n<\/div>\n<\/div>\n\n\n\n<h2 class=\"wp-block-heading\">Cam\u00e9ra g\u00e2ch\u00e9e<\/h2>\n\n\n\n<div class=\"wp-block-columns is-layout-flex wp-container-core-columns-is-layout-9d6595d7 wp-block-columns-is-layout-flex\">\n<div class=\"wp-block-column is-layout-flow wp-block-column-is-layout-flow\">\n<figure class=\"wp-block-embed is-type-video is-provider-vimeo wp-block-embed-vimeo wp-embed-aspect-16-9 wp-has-aspect-ratio\"><div class=\"wp-block-embed__wrapper\">\n<iframe loading=\"lazy\" title=\"cam&amp;eacute;ra g&amp;acirc;ch&amp;eacute;e kinoYouTube\" src=\"https:\/\/player.vimeo.com\/video\/294139409?h=ef90b40579&amp;dnt=1&amp;app_id=122963\" width=\"1140\" height=\"641\" frameborder=\"0\" allow=\"autoplay; fullscreen; picture-in-picture\" allowfullscreen><\/iframe>\n<\/div><\/figure>\n<\/div>\n\n\n\n<div class=\"wp-block-column is-layout-flow wp-block-column-is-layout-flow\">\n<p><em>Cam\u00e9ra g\u00e2ch\u00e9e<\/em>&nbsp;est un court-m\u00e9trage r\u00e9alis\u00e9 (tourn\u00e9, mont\u00e9, mix\u00e9) sur un week-end, du 05 au 07 Octobre 2018, dans le cadre de KinoLille au cin\u00e9ma &#8220;L&#8217;Univers&#8221;.<\/p>\n\n\n\n<p><strong>Synopsis :<\/strong><\/p>\n\n\n\n<p>\u200bUn humoriste de cam\u00e9ra cach\u00e9e voit son tournage sans cesse interrompu par un simplet inqui\u00e9tant&#8230;<\/p>\n<\/div>\n<\/div>\n\n\n\n<div class=\"wp-block-columns is-layout-flex wp-container-core-columns-is-layout-9d6595d7 wp-block-columns-is-layout-flex\">\n<div class=\"wp-block-column is-layout-flow wp-block-column-is-layout-flow\"><\/div>\n\n\n\n<div class=\"wp-block-column is-layout-flow wp-block-column-is-layout-flow\"><\/div>\n<\/div>\n\n\n\n<p><\/p>\n\n\n\n<p><\/p>\n","protected":false},"excerpt":{"rendered":"<p>L&#8217;empreinte Synopsis L&#8217;empreinte est un petit Road-Movie existentialiste o\u00f9 un p\u00e8re divorc\u00e9 s&#8217;\u00e9vertue \u00e0 vouloir montrer \u00e0 sa fille les lieux \u00e9vanescents de son pass\u00e9. Cam\u00e9ra g\u00e2ch\u00e9e Cam\u00e9ra g\u00e2ch\u00e9e&nbsp;est un court-m\u00e9trage r\u00e9alis\u00e9 (tourn\u00e9, mont\u00e9, mix\u00e9) sur un week-end, du 05 au 07 Octobre 2018, dans le cadre de KinoLille au cin\u00e9ma &#8220;L&#8217;Univers&#8221;. Synopsis : \u200bUn [&hellip;]<\/p>\n","protected":false},"author":1,"featured_media":0,"parent":0,"menu_order":0,"comment_status":"closed","ping_status":"closed","template":"","meta":{"footnotes":""},"class_list":["post-39","page","type-page","status-publish","czr-hentry"],"_links":{"self":[{"href":"http:\/\/nbjynyz.cluster031.hosting.ovh.net\/index.php\/wp-json\/wp\/v2\/pages\/39","targetHints":{"allow":["GET"]}}],"collection":[{"href":"http:\/\/nbjynyz.cluster031.hosting.ovh.net\/index.php\/wp-json\/wp\/v2\/pages"}],"about":[{"href":"http:\/\/nbjynyz.cluster031.hosting.ovh.net\/index.php\/wp-json\/wp\/v2\/types\/page"}],"author":[{"embeddable":true,"href":"http:\/\/nbjynyz.cluster031.hosting.ovh.net\/index.php\/wp-json\/wp\/v2\/users\/1"}],"replies":[{"embeddable":true,"href":"http:\/\/nbjynyz.cluster031.hosting.ovh.net\/index.php\/wp-json\/wp\/v2\/comments?post=39"}],"version-history":[{"count":2,"href":"http:\/\/nbjynyz.cluster031.hosting.ovh.net\/index.php\/wp-json\/wp\/v2\/pages\/39\/revisions"}],"predecessor-version":[{"id":143,"href":"http:\/\/nbjynyz.cluster031.hosting.ovh.net\/index.php\/wp-json\/wp\/v2\/pages\/39\/revisions\/143"}],"wp:attachment":[{"href":"http:\/\/nbjynyz.cluster031.hosting.ovh.net\/index.php\/wp-json\/wp\/v2\/media?parent=39"}],"curies":[{"name":"wp","href":"https:\/\/api.w.org\/{rel}","templated":true}]}}