{"id":97,"date":"2022-06-22T11:51:41","date_gmt":"2022-06-22T09:51:41","guid":{"rendered":"http:\/\/nbjynyz.cluster031.hosting.ovh.net\/?page_id=97"},"modified":"2025-07-08T18:26:24","modified_gmt":"2025-07-08T16:26:24","slug":"les-films","status":"publish","type":"page","link":"http:\/\/nbjynyz.cluster031.hosting.ovh.net\/index.php\/les-films\/","title":{"rendered":"Les Films"},"content":{"rendered":"\n<div class=\"wp-block-columns is-layout-flex wp-container-core-columns-is-layout-9d6595d7 wp-block-columns-is-layout-flex\">\n<div class=\"wp-block-column is-layout-flow wp-block-column-is-layout-flow\" style=\"flex-basis:100%\">\n<ul class=\"wp-block-list\">\n<li>les films produits en r\u00e9gion<\/li>\n\n\n\n<li>les films auto-produits<\/li>\n\n\n\n<li>les clips musicaux<\/li>\n<\/ul>\n<\/div>\n<\/div>\n\n\n\n<figure class=\"wp-block-gallery has-nested-images columns-default is-cropped wp-block-gallery-1 is-layout-flex wp-block-gallery-is-layout-flex\">\n<figure class=\"wp-block-image size-large\"><img loading=\"lazy\" decoding=\"async\" width=\"1920\" height=\"1080\" data-id=\"87\" src=\"http:\/\/nbjynyz.cluster031.hosting.ovh.net\/wp-content\/uploads\/2022\/06\/lempreinte.png\" alt=\"\" class=\"wp-image-87\" srcset=\"http:\/\/nbjynyz.cluster031.hosting.ovh.net\/wp-content\/uploads\/2022\/06\/lempreinte.png 1920w, http:\/\/nbjynyz.cluster031.hosting.ovh.net\/wp-content\/uploads\/2022\/06\/lempreinte-300x169.png 300w, http:\/\/nbjynyz.cluster031.hosting.ovh.net\/wp-content\/uploads\/2022\/06\/lempreinte-1024x576.png 1024w, http:\/\/nbjynyz.cluster031.hosting.ovh.net\/wp-content\/uploads\/2022\/06\/lempreinte-768x432.png 768w, http:\/\/nbjynyz.cluster031.hosting.ovh.net\/wp-content\/uploads\/2022\/06\/lempreinte-1536x864.png 1536w, http:\/\/nbjynyz.cluster031.hosting.ovh.net\/wp-content\/uploads\/2022\/06\/lempreinte-1110x624.png 1110w, http:\/\/nbjynyz.cluster031.hosting.ovh.net\/wp-content\/uploads\/2022\/06\/lempreinte-528x297.png 528w\" sizes=\"auto, (max-width: 1920px) 100vw, 1920px\" \/><\/figure>\n\n\n\n<figure class=\"wp-block-image size-large\"><img loading=\"lazy\" decoding=\"async\" width=\"1280\" height=\"720\" data-id=\"83\" src=\"http:\/\/nbjynyz.cluster031.hosting.ovh.net\/wp-content\/uploads\/2022\/06\/Cire-visuel2.png\" alt=\"\" class=\"wp-image-83\" srcset=\"http:\/\/nbjynyz.cluster031.hosting.ovh.net\/wp-content\/uploads\/2022\/06\/Cire-visuel2.png 1280w, http:\/\/nbjynyz.cluster031.hosting.ovh.net\/wp-content\/uploads\/2022\/06\/Cire-visuel2-300x169.png 300w, http:\/\/nbjynyz.cluster031.hosting.ovh.net\/wp-content\/uploads\/2022\/06\/Cire-visuel2-1024x576.png 1024w, http:\/\/nbjynyz.cluster031.hosting.ovh.net\/wp-content\/uploads\/2022\/06\/Cire-visuel2-768x432.png 768w, http:\/\/nbjynyz.cluster031.hosting.ovh.net\/wp-content\/uploads\/2022\/06\/Cire-visuel2-1110x624.png 1110w, http:\/\/nbjynyz.cluster031.hosting.ovh.net\/wp-content\/uploads\/2022\/06\/Cire-visuel2-528x297.png 528w\" sizes=\"auto, (max-width: 1280px) 100vw, 1280px\" \/><\/figure>\n\n\n\n<figure class=\"wp-block-image size-large\"><img loading=\"lazy\" decoding=\"async\" width=\"1920\" height=\"1080\" data-id=\"80\" src=\"http:\/\/nbjynyz.cluster031.hosting.ovh.net\/wp-content\/uploads\/2022\/06\/Capture-decran-2016-10-16-a-13.39.33.png\" alt=\"\" class=\"wp-image-80\" srcset=\"http:\/\/nbjynyz.cluster031.hosting.ovh.net\/wp-content\/uploads\/2022\/06\/Capture-decran-2016-10-16-a-13.39.33.png 1920w, http:\/\/nbjynyz.cluster031.hosting.ovh.net\/wp-content\/uploads\/2022\/06\/Capture-decran-2016-10-16-a-13.39.33-300x169.png 300w, http:\/\/nbjynyz.cluster031.hosting.ovh.net\/wp-content\/uploads\/2022\/06\/Capture-decran-2016-10-16-a-13.39.33-1024x576.png 1024w, http:\/\/nbjynyz.cluster031.hosting.ovh.net\/wp-content\/uploads\/2022\/06\/Capture-decran-2016-10-16-a-13.39.33-768x432.png 768w, http:\/\/nbjynyz.cluster031.hosting.ovh.net\/wp-content\/uploads\/2022\/06\/Capture-decran-2016-10-16-a-13.39.33-1536x864.png 1536w, http:\/\/nbjynyz.cluster031.hosting.ovh.net\/wp-content\/uploads\/2022\/06\/Capture-decran-2016-10-16-a-13.39.33-1110x624.png 1110w, http:\/\/nbjynyz.cluster031.hosting.ovh.net\/wp-content\/uploads\/2022\/06\/Capture-decran-2016-10-16-a-13.39.33-528x297.png 528w\" sizes=\"auto, (max-width: 1920px) 100vw, 1920px\" \/><\/figure>\n\n\n\n<figure class=\"wp-block-image size-large\"><img loading=\"lazy\" decoding=\"async\" width=\"1024\" height=\"576\" data-id=\"411\" src=\"http:\/\/nbjynyz.cluster031.hosting.ovh.net\/wp-content\/uploads\/2023\/10\/Mallory_3-1024x576.jpg\" alt=\"\" class=\"wp-image-411\" srcset=\"http:\/\/nbjynyz.cluster031.hosting.ovh.net\/wp-content\/uploads\/2023\/10\/Mallory_3-1024x576.jpg 1024w, http:\/\/nbjynyz.cluster031.hosting.ovh.net\/wp-content\/uploads\/2023\/10\/Mallory_3-300x169.jpg 300w, http:\/\/nbjynyz.cluster031.hosting.ovh.net\/wp-content\/uploads\/2023\/10\/Mallory_3-768x432.jpg 768w, http:\/\/nbjynyz.cluster031.hosting.ovh.net\/wp-content\/uploads\/2023\/10\/Mallory_3-1536x864.jpg 1536w, http:\/\/nbjynyz.cluster031.hosting.ovh.net\/wp-content\/uploads\/2023\/10\/Mallory_3-1110x624.jpg 1110w, http:\/\/nbjynyz.cluster031.hosting.ovh.net\/wp-content\/uploads\/2023\/10\/Mallory_3-528x297.jpg 528w, http:\/\/nbjynyz.cluster031.hosting.ovh.net\/wp-content\/uploads\/2023\/10\/Mallory_3.jpg 1920w\" sizes=\"auto, (max-width: 1024px) 100vw, 1024px\" \/><\/figure>\n\n\n\n<figure class=\"wp-block-image size-large\"><img loading=\"lazy\" decoding=\"async\" width=\"1024\" height=\"576\" data-id=\"401\" src=\"http:\/\/nbjynyz.cluster031.hosting.ovh.net\/wp-content\/uploads\/2023\/10\/chacal12c-1024x576.jpg\" alt=\"\" class=\"wp-image-401\" srcset=\"http:\/\/nbjynyz.cluster031.hosting.ovh.net\/wp-content\/uploads\/2023\/10\/chacal12c-1024x576.jpg 1024w, http:\/\/nbjynyz.cluster031.hosting.ovh.net\/wp-content\/uploads\/2023\/10\/chacal12c-300x169.jpg 300w, http:\/\/nbjynyz.cluster031.hosting.ovh.net\/wp-content\/uploads\/2023\/10\/chacal12c-768x432.jpg 768w, http:\/\/nbjynyz.cluster031.hosting.ovh.net\/wp-content\/uploads\/2023\/10\/chacal12c-1536x864.jpg 1536w, http:\/\/nbjynyz.cluster031.hosting.ovh.net\/wp-content\/uploads\/2023\/10\/chacal12c-2048x1152.jpg 2048w, http:\/\/nbjynyz.cluster031.hosting.ovh.net\/wp-content\/uploads\/2023\/10\/chacal12c-1110x624.jpg 1110w, http:\/\/nbjynyz.cluster031.hosting.ovh.net\/wp-content\/uploads\/2023\/10\/chacal12c-528x297.jpg 528w\" sizes=\"auto, (max-width: 1024px) 100vw, 1024px\" \/><\/figure>\n\n\n\n<figure class=\"wp-block-image size-large\"><img loading=\"lazy\" decoding=\"async\" width=\"1024\" height=\"576\" data-id=\"152\" src=\"http:\/\/nbjynyz.cluster031.hosting.ovh.net\/wp-content\/uploads\/2022\/06\/ilias4-1024x576.jpg\" alt=\"\" class=\"wp-image-152\" srcset=\"http:\/\/nbjynyz.cluster031.hosting.ovh.net\/wp-content\/uploads\/2022\/06\/ilias4-1024x576.jpg 1024w, http:\/\/nbjynyz.cluster031.hosting.ovh.net\/wp-content\/uploads\/2022\/06\/ilias4-300x169.jpg 300w, http:\/\/nbjynyz.cluster031.hosting.ovh.net\/wp-content\/uploads\/2022\/06\/ilias4-768x432.jpg 768w, http:\/\/nbjynyz.cluster031.hosting.ovh.net\/wp-content\/uploads\/2022\/06\/ilias4-1536x864.jpg 1536w, http:\/\/nbjynyz.cluster031.hosting.ovh.net\/wp-content\/uploads\/2022\/06\/ilias4-1110x624.jpg 1110w, http:\/\/nbjynyz.cluster031.hosting.ovh.net\/wp-content\/uploads\/2022\/06\/ilias4-528x297.jpg 528w, http:\/\/nbjynyz.cluster031.hosting.ovh.net\/wp-content\/uploads\/2022\/06\/ilias4.jpg 1920w\" sizes=\"auto, (max-width: 1024px) 100vw, 1024px\" \/><\/figure>\n\n\n\n<figure class=\"wp-block-image size-large\"><img loading=\"lazy\" decoding=\"async\" width=\"1024\" height=\"576\" data-id=\"418\" src=\"http:\/\/nbjynyz.cluster031.hosting.ovh.net\/wp-content\/uploads\/2023\/10\/ILIAS_8-1024x576.jpg\" alt=\"\" class=\"wp-image-418\" srcset=\"http:\/\/nbjynyz.cluster031.hosting.ovh.net\/wp-content\/uploads\/2023\/10\/ILIAS_8-1024x576.jpg 1024w, http:\/\/nbjynyz.cluster031.hosting.ovh.net\/wp-content\/uploads\/2023\/10\/ILIAS_8-300x169.jpg 300w, http:\/\/nbjynyz.cluster031.hosting.ovh.net\/wp-content\/uploads\/2023\/10\/ILIAS_8-768x432.jpg 768w, http:\/\/nbjynyz.cluster031.hosting.ovh.net\/wp-content\/uploads\/2023\/10\/ILIAS_8-1536x864.jpg 1536w, http:\/\/nbjynyz.cluster031.hosting.ovh.net\/wp-content\/uploads\/2023\/10\/ILIAS_8-2048x1152.jpg 2048w, http:\/\/nbjynyz.cluster031.hosting.ovh.net\/wp-content\/uploads\/2023\/10\/ILIAS_8-1110x624.jpg 1110w, http:\/\/nbjynyz.cluster031.hosting.ovh.net\/wp-content\/uploads\/2023\/10\/ILIAS_8-528x297.jpg 528w\" sizes=\"auto, (max-width: 1024px) 100vw, 1024px\" \/><\/figure>\n\n\n\n<figure class=\"wp-block-image size-large\"><img loading=\"lazy\" decoding=\"async\" width=\"1024\" height=\"576\" data-id=\"399\" src=\"http:\/\/nbjynyz.cluster031.hosting.ovh.net\/wp-content\/uploads\/2023\/10\/chacal18c-1024x576.jpg\" alt=\"\" class=\"wp-image-399\" srcset=\"http:\/\/nbjynyz.cluster031.hosting.ovh.net\/wp-content\/uploads\/2023\/10\/chacal18c-1024x576.jpg 1024w, http:\/\/nbjynyz.cluster031.hosting.ovh.net\/wp-content\/uploads\/2023\/10\/chacal18c-300x169.jpg 300w, http:\/\/nbjynyz.cluster031.hosting.ovh.net\/wp-content\/uploads\/2023\/10\/chacal18c-768x432.jpg 768w, http:\/\/nbjynyz.cluster031.hosting.ovh.net\/wp-content\/uploads\/2023\/10\/chacal18c-1536x864.jpg 1536w, http:\/\/nbjynyz.cluster031.hosting.ovh.net\/wp-content\/uploads\/2023\/10\/chacal18c-2048x1152.jpg 2048w, http:\/\/nbjynyz.cluster031.hosting.ovh.net\/wp-content\/uploads\/2023\/10\/chacal18c-1110x624.jpg 1110w, http:\/\/nbjynyz.cluster031.hosting.ovh.net\/wp-content\/uploads\/2023\/10\/chacal18c-528x297.jpg 528w\" sizes=\"auto, (max-width: 1024px) 100vw, 1024px\" \/><\/figure>\n\n\n\n<figure class=\"wp-block-image size-large\"><img loading=\"lazy\" decoding=\"async\" width=\"1024\" height=\"576\" data-id=\"409\" src=\"http:\/\/nbjynyz.cluster031.hosting.ovh.net\/wp-content\/uploads\/2023\/10\/Mallory_1-1024x576.jpg\" alt=\"\" class=\"wp-image-409\" srcset=\"http:\/\/nbjynyz.cluster031.hosting.ovh.net\/wp-content\/uploads\/2023\/10\/Mallory_1-1024x576.jpg 1024w, http:\/\/nbjynyz.cluster031.hosting.ovh.net\/wp-content\/uploads\/2023\/10\/Mallory_1-300x169.jpg 300w, http:\/\/nbjynyz.cluster031.hosting.ovh.net\/wp-content\/uploads\/2023\/10\/Mallory_1-768x432.jpg 768w, http:\/\/nbjynyz.cluster031.hosting.ovh.net\/wp-content\/uploads\/2023\/10\/Mallory_1-1536x864.jpg 1536w, http:\/\/nbjynyz.cluster031.hosting.ovh.net\/wp-content\/uploads\/2023\/10\/Mallory_1-1110x624.jpg 1110w, http:\/\/nbjynyz.cluster031.hosting.ovh.net\/wp-content\/uploads\/2023\/10\/Mallory_1-528x297.jpg 528w, http:\/\/nbjynyz.cluster031.hosting.ovh.net\/wp-content\/uploads\/2023\/10\/Mallory_1.jpg 1920w\" sizes=\"auto, (max-width: 1024px) 100vw, 1024px\" \/><\/figure>\n\n\n\n<figure class=\"wp-block-image size-large\"><img loading=\"lazy\" decoding=\"async\" width=\"1024\" height=\"576\" data-id=\"419\" src=\"http:\/\/nbjynyz.cluster031.hosting.ovh.net\/wp-content\/uploads\/2023\/10\/ILIAS_9-1024x576.jpg\" alt=\"\" class=\"wp-image-419\" srcset=\"http:\/\/nbjynyz.cluster031.hosting.ovh.net\/wp-content\/uploads\/2023\/10\/ILIAS_9-1024x576.jpg 1024w, http:\/\/nbjynyz.cluster031.hosting.ovh.net\/wp-content\/uploads\/2023\/10\/ILIAS_9-300x169.jpg 300w, http:\/\/nbjynyz.cluster031.hosting.ovh.net\/wp-content\/uploads\/2023\/10\/ILIAS_9-768x432.jpg 768w, http:\/\/nbjynyz.cluster031.hosting.ovh.net\/wp-content\/uploads\/2023\/10\/ILIAS_9-1536x864.jpg 1536w, http:\/\/nbjynyz.cluster031.hosting.ovh.net\/wp-content\/uploads\/2023\/10\/ILIAS_9-2048x1152.jpg 2048w, http:\/\/nbjynyz.cluster031.hosting.ovh.net\/wp-content\/uploads\/2023\/10\/ILIAS_9-1110x624.jpg 1110w, http:\/\/nbjynyz.cluster031.hosting.ovh.net\/wp-content\/uploads\/2023\/10\/ILIAS_9-528x297.jpg 528w\" sizes=\"auto, (max-width: 1024px) 100vw, 1024px\" \/><\/figure>\n<\/figure>\n\n\n\n<h2 class=\"wp-block-heading has-cyan-bluish-gray-background-color has-background\">Les films produits en r\u00e9gion<\/h2>\n\n\n\n<h3 class=\"wp-block-heading has-vivid-cyan-blue-color has-white-background-color has-text-color has-background\">Ilias<\/h3>\n\n\n\n<div class=\"wp-block-columns is-layout-flex wp-container-core-columns-is-layout-9d6595d7 wp-block-columns-is-layout-flex\">\n<div class=\"wp-block-column is-layout-flow wp-block-column-is-layout-flow\">\n<figure class=\"wp-block-embed is-type-video is-provider-vimeo wp-block-embed-vimeo wp-embed-aspect-16-9 wp-has-aspect-ratio\"><div class=\"wp-block-embed__wrapper\">\n<iframe loading=\"lazy\" title=\"ILIAS 2023 vimeo\" src=\"https:\/\/player.vimeo.com\/video\/830629055?dnt=1&amp;app_id=122963\" width=\"1140\" height=\"641\" frameborder=\"0\" allow=\"autoplay; fullscreen; picture-in-picture; clipboard-write; encrypted-media; web-share\"><\/iframe>\n<\/div><\/figure>\n<\/div>\n\n\n\n<div class=\"wp-block-column is-layout-flow wp-block-column-is-layout-flow\">\n<p>Ilias a \u00e9t\u00e9 soutenu par&nbsp;<strong>Pictanovo<\/strong>  dans le cadre du fond \u00e9mergence associatif.<\/p>\n\n\n\n<h3 class=\"wp-block-heading\">Synopsis<\/h3>\n\n\n\n<p>Un migrant s\u2019introduit clandestinement dans une maison isol\u00e9e pr\u00e8s de la jungle de Calais. Des \u00e9v\u00e8nements impr\u00e9vus vont le forcer \u00e0 r\u00e9v\u00e9ler sa pr\u00e9sence.<\/p>\n<\/div>\n<\/div>\n\n\n\n<h3 class=\"wp-block-heading has-vivid-cyan-blue-color has-text-color\">L&#8217;hom\u00e9lie<\/h3>\n\n\n\n<div class=\"wp-block-columns is-layout-flex wp-container-core-columns-is-layout-9d6595d7 wp-block-columns-is-layout-flex\">\n<div class=\"wp-block-column is-layout-flow wp-block-column-is-layout-flow\">\n<figure class=\"wp-block-embed is-type-video is-provider-vimeo wp-block-embed-vimeo wp-embed-aspect-16-9 wp-has-aspect-ratio\"><div class=\"wp-block-embed__wrapper\">\n<iframe loading=\"lazy\" title=\"master l&#039;hom\u00e9lieYouTube\" src=\"https:\/\/player.vimeo.com\/video\/225212515?dnt=1&amp;app_id=122963\" width=\"1140\" height=\"641\" frameborder=\"0\" allow=\"autoplay; fullscreen; picture-in-picture; clipboard-write; encrypted-media; web-share\"><\/iframe>\n<\/div><\/figure>\n<\/div>\n\n\n\n<div class=\"wp-block-column is-layout-flow wp-block-column-is-layout-flow\">\n<p>L\u2019hom\u00e9lie a \u00e9t\u00e9 soutenu par&nbsp;<strong>Pictanovo<\/strong> dans le cadre du fond \u00e9mergence associatif.<\/p>\n\n\n\n<h3 class=\"wp-block-heading\">\u200bSynopsis :<\/h3>\n\n\n\n<p>Dans un petit bourg du nord de la France, une veuve enterre son d\u00e9funt mari dans l\u2019indiff\u00e9rence g\u00e9n\u00e9rale. Pourtant, la solennit\u00e9 de la c\u00e9r\u00e9monie va \u00eatre contrari\u00e9e par l\u2019arriv\u00e9e impr\u00e9vue de diff\u00e9rents protagonistes envahissants.<\/p>\n<\/div>\n<\/div>\n\n\n\n<h2 class=\"wp-block-heading has-cyan-bluish-gray-background-color has-background\">Les films auto-produits<\/h2>\n\n\n\n<h3 class=\"wp-block-heading has-vivid-cyan-blue-color has-text-color\">Fi d&#8217;Putaise : Des followers pour le tueur<\/h3>\n\n\n\n<div class=\"wp-block-columns is-layout-flex wp-container-core-columns-is-layout-9d6595d7 wp-block-columns-is-layout-flex\">\n<div class=\"wp-block-column is-layout-flow wp-block-column-is-layout-flow\">\n<figure class=\"wp-block-embed is-type-video is-provider-vimeo wp-block-embed-vimeo wp-embed-aspect-16-9 wp-has-aspect-ratio\"><div class=\"wp-block-embed__wrapper\">\n<iframe loading=\"lazy\" title=\"teaser fi d putaise\" src=\"https:\/\/player.vimeo.com\/video\/1099678723?dnt=1&amp;app_id=122963\" width=\"1140\" height=\"641\" frameborder=\"0\" allow=\"autoplay; fullscreen; picture-in-picture; clipboard-write; encrypted-media; web-share\"><\/iframe>\n<\/div><\/figure>\n<\/div>\n\n\n\n<div class=\"wp-block-column is-layout-flow wp-block-column-is-layout-flow\">\n<h3 class=\"wp-block-heading\"><strong>Synopsis : <\/strong><\/h3>\n\n\n\n<p>Sophie, youtubeuse sp\u00e9cialis\u00e9e dans les cold case, embarque ses amis pour un week-end de course d&#8217;orientation dans les bois o\u00f9 se sont produits plusieurs meurtres non r\u00e9solus. <\/p>\n\n\n\n<p>La bande ne va pas tarder \u00e0 faire les frais de la curiosit\u00e9 morbide de Sophie pour les faits divers sanglants.<\/p>\n<\/div>\n<\/div>\n\n\n\n<h3 class=\"wp-block-heading has-vivid-cyan-blue-color has-text-color\">Chacal<\/h3>\n\n\n\n<div class=\"wp-block-columns is-layout-flex wp-container-core-columns-is-layout-9d6595d7 wp-block-columns-is-layout-flex\">\n<div class=\"wp-block-column is-layout-flow wp-block-column-is-layout-flow\">\n<figure class=\"wp-block-embed is-type-video is-provider-vimeo wp-block-embed-vimeo wp-embed-aspect-16-9 wp-has-aspect-ratio\"><div class=\"wp-block-embed__wrapper\">\n<iframe loading=\"lazy\" title=\"CHACAL bande annonce\" src=\"https:\/\/player.vimeo.com\/video\/870048245?dnt=1&amp;app_id=122963\" width=\"1140\" height=\"641\" frameborder=\"0\" allow=\"autoplay; fullscreen; picture-in-picture; clipboard-write; encrypted-media; web-share\"><\/iframe>\n<\/div><\/figure>\n<\/div>\n\n\n\n<div class=\"wp-block-column is-layout-flow wp-block-column-is-layout-flow\">\n<h3 class=\"wp-block-heading\">Synopsis :<\/h3>\n\n\n\n<p>William, un trentenaire qui cherche l&#8217;\u00e2me s\u0153ur, r\u00e9alise qu&#8217;il est pris depuis quelques mois d&#8217;un mal \u00e9trange\u2026 Une course contre la montre s&#8217;engage pour lui, afin de trouver un rem\u00e8de avant son prochain premier rendez-vous avec la jolie Cynthia, rencontr\u00e9e sur un site internet.<\/p>\n<\/div>\n<\/div>\n\n\n\n<h3 class=\"wp-block-heading has-vivid-cyan-blue-color has-text-color\">Mallory<\/h3>\n\n\n\n<div class=\"wp-block-columns is-layout-flex wp-container-core-columns-is-layout-9d6595d7 wp-block-columns-is-layout-flex\">\n<div class=\"wp-block-column is-layout-flow wp-block-column-is-layout-flow\">\n<figure class=\"wp-block-embed is-type-video is-provider-vimeo wp-block-embed-vimeo wp-embed-aspect-21-9 wp-has-aspect-ratio\"><div class=\"wp-block-embed__wrapper\">\n<iframe loading=\"lazy\" title=\"MALLORY_Vimeo.mp4\" src=\"https:\/\/player.vimeo.com\/video\/818146145?dnt=1&amp;app_id=122963\" width=\"1140\" height=\"485\" frameborder=\"0\" allow=\"autoplay; fullscreen; picture-in-picture; clipboard-write; encrypted-media; web-share\"><\/iframe>\n<\/div><\/figure>\n<\/div>\n\n\n\n<div class=\"wp-block-column is-layout-flow wp-block-column-is-layout-flow\">\n<h3 class=\"wp-block-heading\">Synopsis :<\/h3>\n\n\n\n<p>Dans la p\u00e9nombre de sa chambre, Mallory tente de se rem\u00e9morer les \u00e9v\u00e8nements traumatisants qu&#8217;elle vient de vivre&#8230;<\/p>\n<\/div>\n<\/div>\n\n\n\n<h3 class=\"wp-block-heading has-vivid-cyan-blue-color has-text-color\">L&#8217;empreinte<\/h3>\n\n\n\n<div class=\"wp-block-columns is-layout-flex wp-container-core-columns-is-layout-9d6595d7 wp-block-columns-is-layout-flex\">\n<div class=\"wp-block-column is-layout-flow wp-block-column-is-layout-flow\">\n<figure class=\"wp-block-embed is-type-video is-provider-vimeo wp-block-embed-vimeo wp-embed-aspect-16-9 wp-has-aspect-ratio\"><div class=\"wp-block-embed__wrapper\">\n<iframe loading=\"lazy\" title=\"l&#039;empreinte\" src=\"https:\/\/player.vimeo.com\/video\/189154124?dnt=1&amp;app_id=122963\" width=\"1140\" height=\"641\" frameborder=\"0\" allow=\"autoplay; fullscreen; picture-in-picture; clipboard-write; encrypted-media; web-share\"><\/iframe>\n<\/div><\/figure>\n<\/div>\n\n\n\n<div class=\"wp-block-column is-layout-flow wp-block-column-is-layout-flow\">\n<h3 class=\"wp-block-heading\">Synopsis :<\/h3>\n\n\n\n<p>L\u2019empreinte est un petit Road-Movie existentialiste o\u00f9 un p\u00e8re divorc\u00e9 s\u2019\u00e9vertue \u00e0 vouloir montrer \u00e0 sa fille les lieux \u00e9vanescents de son pass\u00e9.<\/p>\n<\/div>\n<\/div>\n\n\n\n<h2 class=\"wp-block-heading has-cyan-bluish-gray-background-color has-background\">Les clips musicaux<\/h2>\n\n\n\n<h3 class=\"wp-block-heading has-vivid-cyan-blue-color has-text-color\">Fiction \/ V\u00e9rit\u00e9<\/h3>\n\n\n\n<div class=\"wp-block-columns is-layout-flex wp-container-core-columns-is-layout-9d6595d7 wp-block-columns-is-layout-flex\">\n<div class=\"wp-block-column is-layout-flow wp-block-column-is-layout-flow\">\n<figure class=\"wp-block-embed is-type-video is-provider-youtube wp-block-embed-youtube wp-embed-aspect-16-9 wp-has-aspect-ratio\"><div class=\"wp-block-embed__wrapper\">\n<iframe loading=\"lazy\" title=\"Fiction V\u00e9rit\u00e9    BAASTA! sortie le 10 mars 2023\" width=\"1140\" height=\"641\" src=\"https:\/\/www.youtube.com\/embed\/FXxwUWJgr6k?feature=oembed\" frameborder=\"0\" allow=\"accelerometer; autoplay; clipboard-write; encrypted-media; gyroscope; picture-in-picture; web-share\" referrerpolicy=\"strict-origin-when-cross-origin\" allowfullscreen><\/iframe>\n<\/div><\/figure>\n<\/div>\n\n\n\n<div class=\"wp-block-column is-layout-flow wp-block-column-is-layout-flow\">\n<p>Fiction\/V\u00e9rit\u00e9 est le premier single issu du dernier album du groupe arrageois BAASTA sorti en Mars 2023. Il a \u00e9t\u00e9 r\u00e9alis\u00e9 en une journ\u00e9e \u00e0 ARRAS en D\u00e9cembre 2022.<\/p>\n\n\n\n<h3 class=\"wp-block-heading\">Synopsis :<\/h3>\n\n\n\n<p>Un pr\u00e9sentateur d&#8217;une cha\u00eene d&#8217;information en continu, peu scrupuleux, ass\u00e8ne des fake news absurdes sans se d\u00e9partir de son cynisme.<\/p>\n<\/div>\n<\/div>\n\n\n\n<h3 class=\"wp-block-heading has-vivid-cyan-blue-color has-text-color\">Cire<\/h3>\n\n\n\n<div class=\"wp-block-columns is-layout-flex wp-container-core-columns-is-layout-9d6595d7 wp-block-columns-is-layout-flex\">\n<div class=\"wp-block-column is-layout-flow wp-block-column-is-layout-flow\">\n<figure class=\"wp-block-embed is-type-video is-provider-youtube wp-block-embed-youtube wp-embed-aspect-16-9 wp-has-aspect-ratio\"><div class=\"wp-block-embed__wrapper\">\n<iframe loading=\"lazy\" title=\"expos\u00e9 - cire\" width=\"1140\" height=\"641\" src=\"https:\/\/www.youtube.com\/embed\/M0gaT5BFw2g?feature=oembed\" frameborder=\"0\" allow=\"accelerometer; autoplay; clipboard-write; encrypted-media; gyroscope; picture-in-picture; web-share\" referrerpolicy=\"strict-origin-when-cross-origin\" allowfullscreen><\/iframe>\n<\/div><\/figure>\n<\/div>\n\n\n\n<div class=\"wp-block-column is-layout-flow wp-block-column-is-layout-flow\">\n<p><em>Cire<\/em>&nbsp;est un clip vid\u00e9o r\u00e9alis\u00e9 sur une journ\u00e9e dans les collines de l\u2019Artois. Il assure la promotion du 1er album du groupe de Post-Rock lillois \u00ab&nbsp;Expos\u00e9&nbsp;\u00bb<\/p>\n\n\n\n<h3 class=\"wp-block-heading\">Synopsis :<\/h3>\n\n\n\n<p>\u200b\u200bTrois hommes. Trois trajectoires qui se rejoignent. Une vie \u00e0 trainer son spleen et ses souvenirs, tel un fardeau.<\/p>\n<\/div>\n<\/div>\n\n\n\n<div class=\"wp-block-columns is-layout-flex wp-container-core-columns-is-layout-9d6595d7 wp-block-columns-is-layout-flex\"><\/div>\n","protected":false},"excerpt":{"rendered":"<p>Les films produits en r\u00e9gion Ilias Ilias a \u00e9t\u00e9 soutenu par&nbsp;Pictanovo dans le cadre du fond \u00e9mergence associatif. Synopsis Un migrant s\u2019introduit clandestinement dans une maison isol\u00e9e pr\u00e8s de la jungle de Calais. Des \u00e9v\u00e8nements impr\u00e9vus vont le forcer \u00e0 r\u00e9v\u00e9ler sa pr\u00e9sence. L&#8217;hom\u00e9lie L\u2019hom\u00e9lie a \u00e9t\u00e9 soutenu par&nbsp;Pictanovo dans le cadre du fond \u00e9mergence [&hellip;]<\/p>\n","protected":false},"author":1,"featured_media":0,"parent":0,"menu_order":0,"comment_status":"closed","ping_status":"closed","template":"","meta":{"footnotes":""},"class_list":["post-97","page","type-page","status-publish","czr-hentry"],"_links":{"self":[{"href":"http:\/\/nbjynyz.cluster031.hosting.ovh.net\/index.php\/wp-json\/wp\/v2\/pages\/97","targetHints":{"allow":["GET"]}}],"collection":[{"href":"http:\/\/nbjynyz.cluster031.hosting.ovh.net\/index.php\/wp-json\/wp\/v2\/pages"}],"about":[{"href":"http:\/\/nbjynyz.cluster031.hosting.ovh.net\/index.php\/wp-json\/wp\/v2\/types\/page"}],"author":[{"embeddable":true,"href":"http:\/\/nbjynyz.cluster031.hosting.ovh.net\/index.php\/wp-json\/wp\/v2\/users\/1"}],"replies":[{"embeddable":true,"href":"http:\/\/nbjynyz.cluster031.hosting.ovh.net\/index.php\/wp-json\/wp\/v2\/comments?post=97"}],"version-history":[{"count":17,"href":"http:\/\/nbjynyz.cluster031.hosting.ovh.net\/index.php\/wp-json\/wp\/v2\/pages\/97\/revisions"}],"predecessor-version":[{"id":555,"href":"http:\/\/nbjynyz.cluster031.hosting.ovh.net\/index.php\/wp-json\/wp\/v2\/pages\/97\/revisions\/555"}],"wp:attachment":[{"href":"http:\/\/nbjynyz.cluster031.hosting.ovh.net\/index.php\/wp-json\/wp\/v2\/media?parent=97"}],"curies":[{"name":"wp","href":"https:\/\/api.w.org\/{rel}","templated":true}]}}